{"id":666,"date":"2026-03-26T10:47:17","date_gmt":"2026-03-26T09:47:17","guid":{"rendered":"https:\/\/terra.daash.org\/?page_id=666"},"modified":"2026-04-07T12:52:50","modified_gmt":"2026-04-07T11:52:50","slug":"agosto-septiembre","status":"publish","type":"page","link":"https:\/\/terra.daash.org\/en\/agosto-septiembre\/","title":{"rendered":"Agosto-Septiembre"},"content":{"rendered":"\n\n\n<h1>S\u00e9 parte de la aventura<\/h1>\n\n\n\n\n<h2>agosto &#8211; septiembre<\/h2>\n\n\n\n\n\n<h2><\/h2><h2><br><\/h2><h2><\/h2><h2><\/h2>\n\n<h5>Del 24 de agosto al 7 de septiembre de 2026<\/h5>\n\n<h5>R\u00edas Baixas, Galicia, Espa\u00f1a<\/h5>\n\n\n\n\n\n<p>Hasta 6 j\u00f3venes\u2028<br>14-19 a\u00f1os<\/p>\n\n\n\n<p>1 semana &#8211; 2140\u20ac<br>2 semanas &#8211; 3680\u20ac<\/p>\n<p>El precio es por persona.<br>Una vez en el barco, incluye todas las comidas, costos de actividades, seguro, &#8230; <\/p>\n\n\n\n\n\n\n<h5>Algunos ejemplos (pr\u00e1cticos) de lo que puedes esperar en las traves\u00edas:<\/h5>\n\n\n\nAprendemos a orientarnos y a trazar rutas reales en cartas n\u00e1uticas (digitales y papel).\n\n\nCocinamos, limpiamos y mantenemos el orden entre todos.\n\n\nRealizamos guardias y turnos al tim\u00f3n de un velero de 42 pies con aparejo ketch.\n\nParticipamos en procesos de toma de decisiones, a diario, como miembro de una tripulaci\u00f3n en activo.\nColaboramos con compa\u00f1eros de diferentes pa\u00edses y culturas.\n\nExploramos nuevos entornos, practicamos idiomas y o\u00edmos nuevas historias de primera mano.\n\n\n\n\n\n\n\n\n\n<h2>Solicita tu plaza<\/h2>\n\n\n<h5>Este breve formulario es el primer paso de nuestro proceso para solicitar plaza.<\/h5>\n\n\n\n<p>Nos pondremos en contacto con vosotros para ayudaros con los tr\u00e1mites adicionales. (El proceso de inscripci\u00f3n es bastante sencillo). Estaremos encantados de ayudaros con cualquier duda que pueda surgir, as\u00ed como todo lo necesario para el viaje y en relaci\u00f3n a llegar al puerto, el transporte, etc.<\/p>\n<p>Si tienes alguna pregunta o consulta, ponte en contacto con&nbsp;nosotros en terra[at]daash[dot]org .<\/p>\n<p>Una vez aceptada la solicitud, un dep\u00f3sito de 1000 \u20ac reservar\u00e1 la plaza hasta el 1 de junio de 2026. Solo el pago \u00edntegro garantiza la plaza despu\u00e9s de la fecha l\u00edmite del 15 de junio de 2026.<\/p>\n\n<p>Las personas solicitantes (y su Padre\/Madre) que se inscriban por primera vez deber\u00e1n realizar una entrevista en v\u00eddeo (FaceTime o Zoom) con los responsables del programa.<\/p>\n\n\n\n\n\n\n\n\n\n\n\n\n\n\n\n\n\n","protected":false},"excerpt":{"rendered":"","protected":false},"author":1,"featured_media":0,"parent":0,"menu_order":0,"comment_status":"closed","ping_status":"closed","template":"","meta":{"pagelayer_contact_templates":{"gkx6232":{"to_email":"fairyfed@duck.com","from_email":"$emailparent","cont_subject":"Solicitud de plaza traves\u00eda Agosto-Septiembre","cont_header":"$namecrew,$city,$nationality,$gender,$age,$birthdate,$story,$nameparent,$phoneparent,$emailparent"}},"_pagelayer_content":"","footnotes":""},"class_list":["post-666","page","type-page","status-publish","hentry"],"_links":{"self":[{"href":"https:\/\/terra.daash.org\/en\/wp-json\/wp\/v2\/pages\/666","targetHints":{"allow":["GET"]}}],"collection":[{"href":"https:\/\/terra.daash.org\/en\/wp-json\/wp\/v2\/pages"}],"about":[{"href":"https:\/\/terra.daash.org\/en\/wp-json\/wp\/v2\/types\/page"}],"author":[{"embeddable":true,"href":"https:\/\/terra.daash.org\/en\/wp-json\/wp\/v2\/users\/1"}],"replies":[{"embeddable":true,"href":"https:\/\/terra.daash.org\/en\/wp-json\/wp\/v2\/comments?post=666"}],"version-history":[{"count":18,"href":"https:\/\/terra.daash.org\/en\/wp-json\/wp\/v2\/pages\/666\/revisions"}],"predecessor-version":[{"id":871,"href":"https:\/\/terra.daash.org\/en\/wp-json\/wp\/v2\/pages\/666\/revisions\/871"}],"wp:attachment":[{"href":"https:\/\/terra.daash.org\/en\/wp-json\/wp\/v2\/media?parent=666"}],"curies":[{"name":"wp","href":"https:\/\/api.w.org\/{rel}","templated":true}]}}