{"id":596,"date":"2026-03-26T10:46:20","date_gmt":"2026-03-26T09:46:20","guid":{"rendered":"https:\/\/terra.daash.org\/?page_id=596"},"modified":"2026-04-07T12:52:24","modified_gmt":"2026-04-07T11:52:24","slug":"junio-julio","status":"publish","type":"page","link":"https:\/\/terra.daash.org\/en\/junio-julio\/","title":{"rendered":"Junio-Julio"},"content":{"rendered":"\n\n\n<h1>Que el cambio sea real<\/h1><h2><\/h2>\n\n\n\n\n<h2>Junio &#8211; Julio<\/h2>\n\n\n\n\n<h2><\/h2><h2><br><\/h2><h2><\/h2><h2><\/h2>\n<h5>Del 22 de junio al 6 de julio de 2026<\/h5>\n<h5>R\u00edas Baixas, Galicia, Espa\u00f1a<\/h5>\n\n\n\n<p>Hasta 6 j\u00f3venes\u2028<br>14-19 a\u00f1os<\/p>\n\n\n<p>1 semana &#8211; 2140\u20ac<br>\n2 semanas &#8211; 3680\u20ac<\/p>\n<p>El precio es por persona.<br>Una vez en el barco, incluye todas las comidas a bordo, costos de actividades, seguro, &#8230; <\/p>\n\n<p>Creemos en la diversidad y en el acceso a estas experiencias. Si tu realidad econ\u00f3mica actual no te permite cubrir el total de la plaza, te invitamos a que te pongas en contacto con nosotros. Expl\u00edcanos tu situaci\u00f3n y buscaremos la f\u00f3rmula para que puedas sumarte.<\/p>\n\n\n\n\n\n<h5>Algunos ejemplos (pr\u00e1cticos) de lo que puedes esperar en las traves\u00edas:<\/h5>\n\nAprendemos a orientarnos y a trazar rutas reales en cartas n\u00e1uticas (digitales y papel).\nCocinamos, limpiamos y mantenemos el orden entre todos.\nRealizamos guardias y turnos al tim\u00f3n de un velero de 42 pies con aparejo ketch.\nParticipamos en procesos de toma de decisiones, a diario, como miembro de una tripulaci\u00f3n en activo.\nColaboramos con compa\u00f1eros de diferentes pa\u00edses y culturas.\nExploramos nuevos entornos, practicamos idiomas y o\u00edmos nuevas historias de primera mano.\n\n\n\n\n\n\n\n<h2>Solicita tu plaza<\/h2>\n<h5>Este breve formulario es el primer paso de nuestro proceso para solicitar plaza.<\/h5>\n\n\n<p>Nos pondremos en contacto con vosotros para ayudaros con los tr\u00e1mites \nadicionales. (El proceso de inscripci\u00f3n es bastante sencillo). Estaremos encantados de ayudaros con cualquier duda que pueda \nsurgir, as\u00ed como todo lo necesario para el viaje y en relaci\u00f3n a llegar al puerto, el transporte, etc.<\/p>\n<p>Si tienes alguna pregunta o consulta, ponte en contacto con nosotros a terra[at]daash[dot]org .<\/p>\n<p>Una vez aceptada la solicitud, un dep\u00f3sito de 1000 \u20ac reservar\u00e1 la plaza hasta el 1 de mayo de 2026. Solo el pago \u00edntegro garantiza la plaza despu\u00e9s de la fecha l\u00edmite del 15 de mayo de 2026.<\/p>\n<p>Las personas solicitantes (y su Padre\/Madre) que se inscriban por primera vez deber\u00e1n realizar una entrevista en v\u00eddeo (FaceTime o Zoom) con los responsables del programa.<\/p>\n\n\n\n\n\n\n\n\n\n\n\n\n\n\n\n\n","protected":false},"excerpt":{"rendered":"","protected":false},"author":1,"featured_media":0,"parent":0,"menu_order":0,"comment_status":"closed","ping_status":"closed","template":"","meta":{"pagelayer_contact_templates":{"gkx6232":{"to_email":"fairyfed@duck.com","from_email":"$emailparent","cont_subject":"Solicitud plaza traves\u00eda junio-julio","cont_header":"$namecrew,$city,$nationality,$gender,$age,$birthdate,$story,$nameparent,$phoneparent,$emailparent"}},"_pagelayer_content":"","footnotes":""},"class_list":["post-596","page","type-page","status-publish","hentry"],"_links":{"self":[{"href":"https:\/\/terra.daash.org\/en\/wp-json\/wp\/v2\/pages\/596","targetHints":{"allow":["GET"]}}],"collection":[{"href":"https:\/\/terra.daash.org\/en\/wp-json\/wp\/v2\/pages"}],"about":[{"href":"https:\/\/terra.daash.org\/en\/wp-json\/wp\/v2\/types\/page"}],"author":[{"embeddable":true,"href":"https:\/\/terra.daash.org\/en\/wp-json\/wp\/v2\/users\/1"}],"replies":[{"embeddable":true,"href":"https:\/\/terra.daash.org\/en\/wp-json\/wp\/v2\/comments?post=596"}],"version-history":[{"count":67,"href":"https:\/\/terra.daash.org\/en\/wp-json\/wp\/v2\/pages\/596\/revisions"}],"predecessor-version":[{"id":916,"href":"https:\/\/terra.daash.org\/en\/wp-json\/wp\/v2\/pages\/596\/revisions\/916"}],"wp:attachment":[{"href":"https:\/\/terra.daash.org\/en\/wp-json\/wp\/v2\/media?parent=596"}],"curies":[{"name":"wp","href":"https:\/\/api.w.org\/{rel}","templated":true}]}}