{"id":541,"date":"2026-03-24T19:45:47","date_gmt":"2026-03-24T18:45:47","guid":{"rendered":"https:\/\/terra.daash.org\/home-2\/"},"modified":"2026-04-11T11:59:51","modified_gmt":"2026-04-11T10:59:51","slug":"home","status":"publish","type":"page","link":"https:\/\/terra.daash.org\/en\/","title":{"rendered":"Home"},"content":{"rendered":"<h4>If you\u2019re a young person with a passion for travel and adventure, looking to explore new places and connect with new friends<\/h4>\n<h2>You Found Your Place<\/h2>\n\n\n\n\n\n\n\n\n<h4>A sailboat is a living environment that constantly offers opportunities to learn about one\u2019s own abilities and limitations, how to cope with uncertainty and live in harmony with others, and to enjoy outdoor adventures, because it is nature that keeps us alive.<\/h4>\n\n\n\n\n\n\n<h2>\u00bfpor qu\u00e9 elegir terra?<\/h2>\n\n<p>Imagina un lugar donde puedes ser t\u00fa mismo mientras aprendes a gestionar tus emociones y tu liderazgo. Terra es ese entorno preparado para que experimentes, falles, aciertes y, sobre todo, conectes con personas como t\u00fa.<br><br>Porque creemos que el aprendizaje no est\u00e1 re\u00f1ido con el placer: aqu\u00ed, la diversi\u00f3n y el crecimiento personal van de la mano.<\/p>\n\n\n\n\n\n<h3>Comunicaci\u00f3n y equipo<\/h3>\n<h6>A bordo experimentas el depender de todos y que todos dependan de ti. <\/h6>\n<h6>Es un equilibrio perfecto entre liderazgo y responsabilidad.<\/h6>\n\n\n\n\n\n\n\n<h3>herramientas reales<\/h3>\n<h6>Gana saberes pr\u00e1cticos en navegaci\u00f3n y en la vida.<\/h6>\n<h6>A trav\u00e9z de los retos y descubrimientos, crea habilidades socioemocionales para desplegar tus alas.<\/h6>\n\n\n\n\n\n\n\n<h3>tripulaci\u00f3n, no pasajero<\/h3>\n<h6>No eres un observador, sino miembro activo de la tripulaci\u00f3n.<\/h6>\n<h6>Aprendiendo mediante la experiencia que el liderazgo en el mundo real va de liderarnos a nosotros mismos.<\/h6>\n\n\n\n\n\n\n\n<h3>aprender haciendo<\/h3>\n<h6>Fomentamos un espacio para el crecimiento permanente a trav\u00e9s de los desaf\u00edos en el mar.<\/h6>\n<h6>Libera tu potencial.<\/h6>\n\n\n\n\n\n\n\n\n<h2>pr\u00f3ximas traves\u00edas<\/h2><h2><\/h2>\n\n<h4>2026<\/h2>\n<h4>R\u00edas Baixas, Galicia, Espa\u00f1a<\/h2>\n\n\n\n\n<h2>June - July<\/h2>\n<h6>del 22 de Junio al 6 de Julio<br>\nde 14 a 19 a\u00f1os<\/h6>\n<h5>1 semana 2140\u20ac<br>\n2 semanas 3780\u20ac<\/h2>\n\n\n\n\n\n\n\n<h2>August - September<\/h2>\n<h6>del 24 de Agosto al 7 de Septiembre<br>\nde 14 a 19 a\u00f1os<\/h6>\n<h5>1 semana 2140\u20ac<br>\n2 semanas 3780\u20ac<\/h5>\n\n\n\n\n\n\n\n<h2>A medida<\/h2>\n<h6>Si tienes alguna propuesta de fechas diferentes a las que ya tenemos organizadas, o te apetece hacer un viaje en familia, o alguna otra idea que comentarnos, ponte en contacto con nosotros y juntos exploraremos posibilidades.<\/h6>\n\n\n\n\n\n\n\n\n\n<h1>Desconectar para re-conectar<\/h1>\n<h4>Cuando una persona guarda el tel\u00e9fono, tablet o dispositivo, su cerebro atraviesa una desintoxicaci\u00f3n sensorial inmediata, y se activa, despierta.<\/h4>\n\n\n\n\n<h2>Habilidades para la vida<\/h2>\n\n<h5>Nuestro modelo se basa <strong>en el aprendizaje en la naturaleza<\/strong>, en su profundo poder regenerador.<\/h5>\n<p>Esta forma de aprender es activa, inmersiva e impactante. El objetivo es trascender la teor\u00eda, dejar de solo memorizar y absorber datos sobre el mundo para empezar a vivirlo:&nbsp;la informaci\u00f3n pasa a ser conocimiento que se aplica y se vive.<\/p>\n<p>Nuestro enfoque favorece un desarrollo socio-emocional saludable, a trav\u00e9s de cuatro \u00e1mbitos interconectados:\n<br>\n<strong>Voluntad<\/strong> para afrontar desaf\u00edos,<br>\n<strong>Pertenencia<\/strong> a trav\u00e9s de conexiones profundas, <br>\n<strong>Participaci\u00f3n<\/strong> f\u00edsica a trav\u00e9s del movimiento conciente,<br>\n<strong>Reflexi\u00f3n<\/strong> sobre las acciones y su impacto.<\/p>\n<h5>Nos gusta pensar que facilitamos un espacio donde ponernos en pr\u00e1ctica para ser mejores seres humanos.<\/h5>\n\n\n\n\n\n\n\n\n\n\n\n<h2>Sabemos que es un gran salto<\/h2>\n<h5>(y estamos aqu\u00ed para darlo contigo)<\/h5>\n<p>Si la propuesta te encanta pero el v\u00e9rtigo te frena, hablemos.<br>Sabemos que es dif\u00edcil dar el paso a dejar a tu hijo\/a con confianza en un barco con gente que a\u00fan no conoces.<br><br>Reserva una videollamada para conocernos, ponerle cara a la tripulaci\u00f3n y despejar cualquier duda de familia a familia.<\/p>","protected":false},"excerpt":{"rendered":"","protected":false},"author":1,"featured_media":0,"parent":0,"menu_order":0,"comment_status":"closed","ping_status":"closed","template":"","meta":{"pagelayer_contact_templates":[],"_pagelayer_content":"","footnotes":""},"class_list":["post-541","page","type-page","status-publish","hentry"],"_links":{"self":[{"href":"https:\/\/terra.daash.org\/en\/wp-json\/wp\/v2\/pages\/541","targetHints":{"allow":["GET"]}}],"collection":[{"href":"https:\/\/terra.daash.org\/en\/wp-json\/wp\/v2\/pages"}],"about":[{"href":"https:\/\/terra.daash.org\/en\/wp-json\/wp\/v2\/types\/page"}],"author":[{"embeddable":true,"href":"https:\/\/terra.daash.org\/en\/wp-json\/wp\/v2\/users\/1"}],"replies":[{"embeddable":true,"href":"https:\/\/terra.daash.org\/en\/wp-json\/wp\/v2\/comments?post=541"}],"version-history":[{"count":111,"href":"https:\/\/terra.daash.org\/en\/wp-json\/wp\/v2\/pages\/541\/revisions"}],"predecessor-version":[{"id":964,"href":"https:\/\/terra.daash.org\/en\/wp-json\/wp\/v2\/pages\/541\/revisions\/964"}],"wp:attachment":[{"href":"https:\/\/terra.daash.org\/en\/wp-json\/wp\/v2\/media?parent=541"}],"curies":[{"name":"wp","href":"https:\/\/api.w.org\/{rel}","templated":true}]}}