{"id":540,"date":"2026-03-24T19:45:47","date_gmt":"2026-03-24T18:45:47","guid":{"rendered":"https:\/\/terra.daash.org\/about\/"},"modified":"2026-04-11T10:11:54","modified_gmt":"2026-04-11T09:11:54","slug":"nosotros","status":"publish","type":"page","link":"https:\/\/terra.daash.org\/en\/nosotros\/","title":{"rendered":"About Us"},"content":{"rendered":"<h1>Nuestra misi\u00f3n: inspirar<\/h1>\n\n\n\n\n<h4>La magia tiene lugar cuando nos sentimos parte activa de un grupo, nos adentramos en el mundo natural y realizamos un trabajo con un prop\u00f3sito.<\/h4>\n<p>Este programa surge a partir de la necesidad de encontrar un punto de reuni\u00f3n activa donde j\u00f3venes con capacidad autodidacta y esp\u00edritu aventurero&#8230; &#8211; esas personas j\u00f3venes con ganas de Conectar con otros-, puedan reunirse, estar, hacer y proyectar juntas.<br><br>Sabiendo del poder del auto-aprendizaje basado en la experiencia real en espacios silvestres, nos hemos dedicado -desde 2008- a facilitar entornos preparados para que, a trav\u00e9s de aprender haciendo, los seres humanos nos desarrollemos desde dentro hacia fuera en contacto con la naturaleza.<br><br>Adem\u00e1s de ser los responsables del programa, somos madre\/padre de cuatro personas a las que hemos criado en la naturaleza (asilvestrado), y seguimos acompa\u00f1ando en sus procesos de aprendizaje y crecimiento.<\/p>\n\n\n\n\n<h3>federico de gonzalez-soler<\/h3>\n<h5>Co-Director<\/h5>\n\nPersona responsable a bordo.\n<br><br>\nAmante de la naturaleza y la vida al aire libre, puso el foco en desaprender como forma de acompa\u00f1ar el desarrollo de las personas (m\u00e1s) j\u00f3venes. Facilitador incansable y siempre dispuesto a buscar una alternativa a la alternativa, se inspira de los peque\u00f1os detalles.\n<br><br>\nComenz\u00f3 a descubrir la navegaci\u00f3n de crucero hace m\u00e1s de 35 a\u00f1os, y desde entonces se transform\u00f3 en uno de los pilares de su vida: Le ayud\u00f3 a ordenar ideas, concebir formas de pensar y hacer, y es su base para aprender a Aprender.\nTambi\u00e9n le sirvi\u00f3 para navegar en sudam\u00e9rica, en el caribe centroam\u00e9ricano, en el mediterr\u00e1neo y en el atl\u00e1ntico europeo.\n<br><br>\nDurante muchos a\u00f1os se dedic\u00f3 a viajar y recorrer diferentes regiones, cultivando las diversas maneras del hacer, hasta que la crianza de sus hijos lo llev\u00f3 a asentarse en medio del bosque.\n<br><br>Aprendiz perseverante y tenaz, formado en Comunicaci\u00f3n, Finanzas y Tecnolog\u00eda, Dise\u00f1o, Arquitectura y Construcci\u00f3n, Ecolog\u00eda, Permacultura, y Pedagog\u00eda, cuando no est\u00e1 en el agua, habita en los bosques del norte de Espa\u00f1a.\n\n\n\n\n\n\n\n\n\n\n\n\n<h3>Mariana wagmaister<\/h3>\n<h5>Co-Directora<\/h5>\n\nPersona responsable en tierra\n<br><br>\nEs el punto de apoyo que aporta la pausa necesaria. Madre de cuatro personas, integra lo aprendido acompa\u00f1ando el desarrollo de sus hijos, con una gesti\u00f3n pr\u00e1ctica y eficaz. Su misi\u00f3n es ser el puerto seguro que transforma la log\u00edstica en un proceso fluido y arm\u00f3nico.\n<br><br>\nAmante de la presencia absoluta que regala el mar. Como navegante, entiende el viaje como una expansi\u00f3n del mundo, permiti\u00e9ndole comprender y acompa\u00f1ar la profunda transformaci\u00f3n que viven las y los adolescentes a bordo.\n<br><br>\nDise\u00f1adora, artista visual y permacultora, vive entre la serenidad del bosque y la inmensidad del mar. Su mirada art\u00edstica y su conexi\u00f3n con el entorno natural son la base de su filosof\u00eda: transformar lo cotidiano en sagrado, en una experiencia de armon\u00eda y belleza.\n\n\n\n\n<h2>Nuestros Valores<\/h2>\n<h5>Esas ideas y conceptos que nos gu\u00edan y se reflejan en nuestros actos y en la manera en la que vivimos la vida.<\/h4>\n\n\n\n\n\n\n\n\n<p><span style=\"color:#ffffff;\">Vivir con sencillez nos ayuda a encontrarnos a nosotros mismos y a reducir lo que nos separa de los dem\u00e1s y del mundo natural.\n<br>Buscamos una creatividad desconectada de la tecnolog\u00eda, con espacios para una calma relajante.<\/span><\/p>\n\n\n\n\n\n\n<p><span style=\"color:#ffffff;\">Cultivamos la paz (no siempre es f\u00e1cil, como en la huerta): primero dentro de nosotros mismos, luego en el exterior.\n<br>\nEl trabajo nunca termina; nos vamos mejorando a medida que andamos.<\/span><\/p>\n\n\n\n\n\n\n<p><span style=\"color:#ffffff;\">Recordad que no estamos separados de la tierra, el agua y la vida que nos rodea.\n<br>\nNos esforzamos por poner en pr\u00e1ctica nuestras creencias en nuestras acciones, empezando por nuestros pensamientos.<\/span><\/p>\n\n\n\n\n\n\n<p><span style=\"color:#ffffff;\">Honramos las tradiciones que nos gu\u00edan, sabiendo que no deben atarnos.\n<br>\nLa inclusi\u00f3n facilita el sentido de pertenencia.<\/span><\/p>\n\n\n\n\n\n\n<p><span style=\"color:#ffffff;\">Nos fortalece la diversidad genuina de todo tipo, y trabajamos constantemente para construir comunidades que sean radicalmente acogedoras e inclusivas.\n<br>\nHacer espacio para todos los seres.<\/span><\/p>\n\n\n\n\n\n\n<p><span style=\"color:#ffffff;\">Trabajamos con dedicaci\u00f3n por el bienestar de nuestro planeta, ahora y para las generaciones futuras.\n<br>\nVivir en la naturaleza despierta la curiosidad y el asombro, y para eso estamos aqu\u00ed.<\/span><\/p>\n\n\n\n\n\n\n\n\n\n\n\n\n\n\n<h2>Un puente hacia el \u201cMundo Grande\u201d<\/h2>\n\n\n\n<p>Los adolescentes de hoy en d\u00eda se enfrentan a presiones cada vez mayores para rendir en la escuela, prepararse para la universidad e impresionar en las redes sociales. Todo ello mientras tratan de lidiar con las presiones normales de la adolescencia para sentirse parte de algo, sentir que su vida tiene sentido y comprometerse con el mundo que les rodea. Se les fomenta la \u00abindividualidad\u00bb, cuando -en su lugar- deber\u00edamos estar potenciando su \u00absingularidad\u00bb.\n<br><br>\nOfrecemos un programa \u00fanico dise\u00f1ado para proporcionar herramientas y habilidades espec\u00edficas, experiencias para afrontar la vida y emprender un camino en el que encontrar una propia definici\u00f3n de lo que es el \u201c\u00e9xito\u201d.\n<br><br>\nLa inmersi\u00f3n en la naturaleza salvaje que rodea todas nuestras propuestas -expediciones en velero, viajes en bicicleta o traves\u00edas de monta\u00f1a-,  proporcionan tanto variedad como enfoque creando la situaci\u00f3n perfecta para un respiro de la rutina y un descanso activo, para recargar energ\u00edas en un entorno social-natural orientado a inspirar, energizar y nutrir.<\/p>\n\n\n\n\n\n\n\n\n<h2>Sabemos que es un gran salto<\/h2>\n<h5>(y estamos aqu\u00ed para darlo contigo)<\/h5>\n<p>Si la propuesta te encanta pero el v\u00e9rtigo te frena, hablemos.&nbsp;<br>Sabemos que es dif\u00edcil dar el paso a dejar a tu hijo\/a con confianza en un barco con gente que a\u00fan no conoces.<br><br>Reserva una videollamada para conocernos, ponerle cara a la tripulaci\u00f3n y despejar cualquier duda de familia a familia.<\/p>","protected":false},"excerpt":{"rendered":"","protected":false},"author":1,"featured_media":0,"parent":0,"menu_order":0,"comment_status":"closed","ping_status":"closed","template":"","meta":{"pagelayer_contact_templates":[],"_pagelayer_content":"","footnotes":""},"class_list":["post-540","page","type-page","status-publish","hentry"],"_links":{"self":[{"href":"https:\/\/terra.daash.org\/en\/wp-json\/wp\/v2\/pages\/540","targetHints":{"allow":["GET"]}}],"collection":[{"href":"https:\/\/terra.daash.org\/en\/wp-json\/wp\/v2\/pages"}],"about":[{"href":"https:\/\/terra.daash.org\/en\/wp-json\/wp\/v2\/types\/page"}],"author":[{"embeddable":true,"href":"https:\/\/terra.daash.org\/en\/wp-json\/wp\/v2\/users\/1"}],"replies":[{"embeddable":true,"href":"https:\/\/terra.daash.org\/en\/wp-json\/wp\/v2\/comments?post=540"}],"version-history":[{"count":57,"href":"https:\/\/terra.daash.org\/en\/wp-json\/wp\/v2\/pages\/540\/revisions"}],"predecessor-version":[{"id":945,"href":"https:\/\/terra.daash.org\/en\/wp-json\/wp\/v2\/pages\/540\/revisions\/945"}],"wp:attachment":[{"href":"https:\/\/terra.daash.org\/en\/wp-json\/wp\/v2\/media?parent=540"}],"curies":[{"name":"wp","href":"https:\/\/api.w.org\/{rel}","templated":true}]}}